{"id":2625,"date":"2025-03-07T08:29:49","date_gmt":"2025-03-07T07:29:49","guid":{"rendered":"https:\/\/solene-charly.ouii.fr\/?page_id=2625"},"modified":"2025-07-19T13:15:07","modified_gmt":"2025-07-19T11:15:07","slug":"nos-temoins","status":"publish","type":"page","link":"https:\/\/solene-charly.ouii.fr\/?page_id=2625","title":{"rendered":"Nos t\u00e9moins"},"content":{"rendered":"\t\t<div data-elementor-type=\"wp-page\" data-elementor-id=\"2625\" class=\"elementor elementor-2625\">\n\t\t\t\t<div class=\"elementor-element elementor-element-1209c97d e-con-full elementor-hidden-mobile e-flex e-con e-parent\" data-id=\"1209c97d\" data-element_type=\"container\" data-settings=\"{&quot;background_background&quot;:&quot;classic&quot;}\">\n\t\t<div class=\"elementor-element elementor-element-454f893f e-con-full e-flex e-con e-child\" data-id=\"454f893f\" data-element_type=\"container\">\n\t\t<div class=\"elementor-element elementor-element-38a34ebf e-con-full e-flex e-con e-child\" data-id=\"38a34ebf\" data-element_type=\"container\">\n\t\t\t\t<div class=\"elementor-element elementor-element-d8e6120 elementor-invisible elementor-widget elementor-widget-text-editor\" data-id=\"d8e6120\" data-element_type=\"widget\" data-settings=\"{&quot;_animation&quot;:&quot;fadeIn&quot;}\" data-widget_type=\"text-editor.default\">\n\t\t\t\t<div class=\"elementor-widget-container\">\n\t\t\t\t\t\t\t\t\t<p>Ils ont accept\u00e9 de partager cette aventure \u00e0 nos c\u00f4t\u00e9s. <br \/>Ils sont nos complices et les piliers de ce grand jour \u00e0 venir !<\/p><p>Si vous avez des id\u00e9es, des surprises ou tout autre projet pour le mariage,<br \/><strong>n\u2019h\u00e9sitez pas \u00e0 les contacter sur l&rsquo;adresse mail suivante :\u00a0<br \/><\/strong><a href=\"mailto:caroline@ouii.fr\"><i>temoinssoleneetcharly@gmail.com<\/i><\/a><\/p>\t\t\t\t\t\t\t\t<\/div>\n\t\t\t\t<\/div>\n\t\t\t\t<div class=\"elementor-element elementor-element-38c5125 elementor-invisible elementor-widget elementor-widget-text-editor\" data-id=\"38c5125\" data-element_type=\"widget\" data-settings=\"{&quot;_animation&quot;:&quot;fadeIn&quot;}\" data-widget_type=\"text-editor.default\">\n\t\t\t\t<div class=\"elementor-widget-container\">\n\t\t\t\t\t\t\t\t\t<p>ou en rejoignant le <strong>groupe Whatsapp secret<\/strong> \u00a0<br \/>(cliquer sur la vignette ci-dessous)<\/p>\t\t\t\t\t\t\t\t<\/div>\n\t\t\t\t<\/div>\n\t\t\t\t<div class=\"elementor-element elementor-element-2d683e7 elementor-view-default elementor-position-top elementor-mobile-position-top elementor-invisible elementor-widget elementor-widget-icon-box\" data-id=\"2d683e7\" data-element_type=\"widget\" data-settings=\"{&quot;_animation&quot;:&quot;fadeIn&quot;}\" data-widget_type=\"icon-box.default\">\n\t\t\t\t<div class=\"elementor-widget-container\">\n\t\t\t\t\t\t\t<div class=\"elementor-icon-box-wrapper\">\n\n\t\t\t\t\t\t<div class=\"elementor-icon-box-icon\">\n\t\t\t\t<a href=\"https:\/\/chat.whatsapp.com\/GjjrxgwGfoH0H92XZGzXef\" target=\"_blank\" class=\"elementor-icon elementor-animation-grow-rotate\" tabindex=\"-1\">\n\t\t\t\t<svg aria-hidden=\"true\" class=\"e-font-icon-svg e-fab-whatsapp\" viewBox=\"0 0 448 512\" xmlns=\"http:\/\/www.w3.org\/2000\/svg\"><path d=\"M380.9 97.1C339 55.1 283.2 32 223.9 32c-122.4 0-222 99.6-222 222 0 39.1 10.2 77.3 29.6 111L0 480l117.7-30.9c32.4 17.7 68.9 27 106.1 27h.1c122.3 0 224.1-99.6 224.1-222 0-59.3-25.2-115-67.1-157zm-157 341.6c-33.2 0-65.7-8.9-94-25.7l-6.7-4-69.8 18.3L72 359.2l-4.4-7c-18.5-29.4-28.2-63.3-28.2-98.2 0-101.7 82.8-184.5 184.6-184.5 49.3 0 95.6 19.2 130.4 54.1 34.8 34.9 56.2 81.2 56.1 130.5 0 101.8-84.9 184.6-186.6 184.6zm101.2-138.2c-5.5-2.8-32.8-16.2-37.9-18-5.1-1.9-8.8-2.8-12.5 2.8-3.7 5.6-14.3 18-17.6 21.8-3.2 3.7-6.5 4.2-12 1.4-32.6-16.3-54-29.1-75.5-66-5.7-9.8 5.7-9.1 16.3-30.3 1.8-3.7.9-6.9-.5-9.7-1.4-2.8-12.5-30.1-17.1-41.2-4.5-10.8-9.1-9.3-12.5-9.5-3.2-.2-6.9-.2-10.6-.2-3.7 0-9.7 1.4-14.8 6.9-5.1 5.6-19.4 19-19.4 46.3 0 27.3 19.9 53.7 22.6 57.4 2.8 3.7 39.1 59.7 94.8 83.8 35.2 15.2 49 16.5 66.6 13.9 10.7-1.6 32.8-13.4 37.4-26.4 4.6-13 4.6-24.1 3.2-26.4-1.3-2.5-5-3.9-10.5-6.6z\"><\/path><\/svg>\t\t\t\t<\/a>\n\t\t\t<\/div>\n\t\t\t\n\t\t\t\n\t\t<\/div>\n\t\t\t\t\t\t<\/div>\n\t\t\t\t<\/div>\n\t\t<div class=\"elementor-element elementor-element-45ffa247 e-flex e-con-boxed e-con e-child\" data-id=\"45ffa247\" data-element_type=\"container\">\n\t\t\t\t\t<div class=\"e-con-inner\">\n\t\t<div class=\"elementor-element elementor-element-22aac8eb e-con-full e-flex e-con e-child\" data-id=\"22aac8eb\" data-element_type=\"container\">\n\t\t\t\t<div class=\"elementor-element elementor-element-2a2e7fa2 animated-fast elementor-invisible elementor-widget elementor-widget-image\" data-id=\"2a2e7fa2\" data-element_type=\"widget\" data-settings=\"{&quot;_animation&quot;:&quot;fadeInUp&quot;}\" data-widget_type=\"image.default\">\n\t\t\t\t<div class=\"elementor-widget-container\">\n\t\t\t\t\t\t\t\t\t\t\t\t\t\t\t<img fetchpriority=\"high\" decoding=\"async\" width=\"496\" height=\"551\" src=\"https:\/\/solene-charly.ouii.fr\/wp-content\/uploads\/2025\/03\/magalie.png\" class=\"attachment-large size-large wp-image-2655\" alt=\"\" srcset=\"https:\/\/solene-charly.ouii.fr\/wp-content\/uploads\/2025\/03\/magalie.png 496w, https:\/\/solene-charly.ouii.fr\/wp-content\/uploads\/2025\/03\/magalie-270x300.png 270w\" sizes=\"(max-width: 496px) 100vw, 496px\" \/>\t\t\t\t\t\t\t\t\t\t\t\t\t\t\t<\/div>\n\t\t\t\t<\/div>\n\t\t\t\t<div class=\"elementor-element elementor-element-51f6deab elementor-widget elementor-widget-heading\" data-id=\"51f6deab\" data-element_type=\"widget\" data-widget_type=\"heading.default\">\n\t\t\t\t<div class=\"elementor-widget-container\">\n\t\t\t\t\t<h2 class=\"elementor-heading-title elementor-size-default\">Magalie<\/h2>\t\t\t\t<\/div>\n\t\t\t\t<\/div>\n\t\t\t\t<div class=\"elementor-element elementor-element-1f5bb2d2 elementor-widget elementor-widget-text-editor\" data-id=\"1f5bb2d2\" data-element_type=\"widget\" data-widget_type=\"text-editor.default\">\n\t\t\t\t<div class=\"elementor-widget-container\">\n\t\t\t\t\t\t\t\t\t<p>C\u2019est \u00e0 Magalie qu\u2019on confie nos petits stress et nos grandes id\u00e9es. Elle est toujours l\u00e0 pour \u00e9couter, rassurer, nous accueillir avec son grand sourire et un petit caf\u00e9 et parfois nous rappeler de respirer !<\/p>\t\t\t\t\t\t\t\t<\/div>\n\t\t\t\t<\/div>\n\t\t\t\t<\/div>\n\t\t<div class=\"elementor-element elementor-element-2299fe25 e-con-full e-flex e-con e-child\" data-id=\"2299fe25\" data-element_type=\"container\">\n\t\t\t\t<div class=\"elementor-element elementor-element-39dad133 animated-fast elementor-invisible elementor-widget elementor-widget-image\" data-id=\"39dad133\" data-element_type=\"widget\" data-settings=\"{&quot;_animation&quot;:&quot;fadeInUp&quot;,&quot;_animation_delay&quot;:500}\" data-widget_type=\"image.default\">\n\t\t\t\t<div class=\"elementor-widget-container\">\n\t\t\t\t\t\t\t\t\t\t\t\t\t\t\t<img decoding=\"async\" width=\"551\" height=\"551\" src=\"https:\/\/solene-charly.ouii.fr\/wp-content\/uploads\/2025\/03\/Willy.png\" class=\"attachment-large size-large wp-image-2656\" alt=\"\" srcset=\"https:\/\/solene-charly.ouii.fr\/wp-content\/uploads\/2025\/03\/Willy.png 551w, https:\/\/solene-charly.ouii.fr\/wp-content\/uploads\/2025\/03\/Willy-300x300.png 300w, https:\/\/solene-charly.ouii.fr\/wp-content\/uploads\/2025\/03\/Willy-150x150.png 150w\" sizes=\"(max-width: 551px) 100vw, 551px\" \/>\t\t\t\t\t\t\t\t\t\t\t\t\t\t\t<\/div>\n\t\t\t\t<\/div>\n\t\t\t\t<div class=\"elementor-element elementor-element-427d53f8 elementor-widget elementor-widget-heading\" data-id=\"427d53f8\" data-element_type=\"widget\" data-widget_type=\"heading.default\">\n\t\t\t\t<div class=\"elementor-widget-container\">\n\t\t\t\t\t<h2 class=\"elementor-heading-title elementor-size-default\">Willy<\/h2>\t\t\t\t<\/div>\n\t\t\t\t<\/div>\n\t\t\t\t<div class=\"elementor-element elementor-element-ba3a3fc elementor-widget elementor-widget-text-editor\" data-id=\"ba3a3fc\" data-element_type=\"widget\" data-widget_type=\"text-editor.default\">\n\t\t\t\t<div class=\"elementor-widget-container\">\n\t\t\t\t\t\t\t\t\t<p>Toujours pr\u00eat \u00e0 l&rsquo;action, Will est notre ma\u00eetre d&rsquo;organisation. Il est le premier \u00e0 nous proposer un plan A, et quand A ne marche pas , il a toujours\u00a0 un plan B (ou C) dans sa poche !<\/p>\t\t\t\t\t\t\t\t<\/div>\n\t\t\t\t<\/div>\n\t\t\t\t<\/div>\n\t\t<div class=\"elementor-element elementor-element-7e413f37 e-con-full e-flex e-con e-child\" data-id=\"7e413f37\" data-element_type=\"container\">\n\t\t\t\t<div class=\"elementor-element elementor-element-41a96f4a animated-fast elementor-invisible elementor-widget elementor-widget-image\" data-id=\"41a96f4a\" data-element_type=\"widget\" data-settings=\"{&quot;_animation&quot;:&quot;fadeInUp&quot;,&quot;_animation_delay&quot;:1000}\" data-widget_type=\"image.default\">\n\t\t\t\t<div class=\"elementor-widget-container\">\n\t\t\t\t\t\t\t\t\t\t\t\t\t\t\t<img decoding=\"async\" width=\"601\" height=\"643\" src=\"https:\/\/solene-charly.ouii.fr\/wp-content\/uploads\/2025\/03\/Charlotte.png\" class=\"attachment-large size-large wp-image-2654\" alt=\"\" srcset=\"https:\/\/solene-charly.ouii.fr\/wp-content\/uploads\/2025\/03\/Charlotte.png 601w, https:\/\/solene-charly.ouii.fr\/wp-content\/uploads\/2025\/03\/Charlotte-280x300.png 280w\" sizes=\"(max-width: 601px) 100vw, 601px\" \/>\t\t\t\t\t\t\t\t\t\t\t\t\t\t\t<\/div>\n\t\t\t\t<\/div>\n\t\t\t\t<div class=\"elementor-element elementor-element-5ad2cfba elementor-widget elementor-widget-heading\" data-id=\"5ad2cfba\" data-element_type=\"widget\" data-widget_type=\"heading.default\">\n\t\t\t\t<div class=\"elementor-widget-container\">\n\t\t\t\t\t<h2 class=\"elementor-heading-title elementor-size-default\">Lucie<\/h2>\t\t\t\t<\/div>\n\t\t\t\t<\/div>\n\t\t\t\t<div class=\"elementor-element elementor-element-43bf150b elementor-widget elementor-widget-text-editor\" data-id=\"43bf150b\" data-element_type=\"widget\" data-widget_type=\"text-editor.default\">\n\t\t\t\t<div class=\"elementor-widget-container\">\n\t\t\t\t\t\t\t\t\t<p>Epicurienne dans l&rsquo;\u00e2me et artiste \u00e0 ses heures perdues, on lui confie la cr\u00e9ation de vos petits cadeaux du jour J..mais chuuuut! c&rsquo;est un secret !\u00a0<\/p>\t\t\t\t\t\t\t\t<\/div>\n\t\t\t\t<\/div>\n\t\t\t\t<\/div>\n\t\t<div class=\"elementor-element elementor-element-7c2b09eb e-con-full e-flex e-con e-child\" data-id=\"7c2b09eb\" data-element_type=\"container\">\n\t\t\t\t<div class=\"elementor-element elementor-element-1e1ff237 animated-fast elementor-invisible elementor-widget elementor-widget-image\" data-id=\"1e1ff237\" data-element_type=\"widget\" data-settings=\"{&quot;_animation&quot;:&quot;fadeInUp&quot;,&quot;_animation_delay&quot;:1500}\" data-widget_type=\"image.default\">\n\t\t\t\t<div class=\"elementor-widget-container\">\n\t\t\t\t\t\t\t\t\t\t\t\t\t\t\t<img loading=\"lazy\" decoding=\"async\" width=\"573\" height=\"551\" src=\"https:\/\/solene-charly.ouii.fr\/wp-content\/uploads\/2025\/03\/arthur.png\" class=\"attachment-large size-large wp-image-2653\" alt=\"\" srcset=\"https:\/\/solene-charly.ouii.fr\/wp-content\/uploads\/2025\/03\/arthur.png 573w, https:\/\/solene-charly.ouii.fr\/wp-content\/uploads\/2025\/03\/arthur-300x288.png 300w\" sizes=\"(max-width: 573px) 100vw, 573px\" \/>\t\t\t\t\t\t\t\t\t\t\t\t\t\t\t<\/div>\n\t\t\t\t<\/div>\n\t\t\t\t<div class=\"elementor-element elementor-element-311a5eb1 elementor-widget elementor-widget-heading\" data-id=\"311a5eb1\" data-element_type=\"widget\" data-widget_type=\"heading.default\">\n\t\t\t\t<div class=\"elementor-widget-container\">\n\t\t\t\t\t<h2 class=\"elementor-heading-title elementor-size-default\">Emeric<\/h2>\t\t\t\t<\/div>\n\t\t\t\t<\/div>\n\t\t\t\t<div class=\"elementor-element elementor-element-40617d3 elementor-widget elementor-widget-text-editor\" data-id=\"40617d3\" data-element_type=\"widget\" data-widget_type=\"text-editor.default\">\n\t\t\t\t<div class=\"elementor-widget-container\">\n\t\t\t\t\t\t\t\t\t<p>Il sera sans aucun doute l&rsquo;ambianceur officiel<br \/>de la soir\u00e9e ! Anecdotes improbables, blagues \u00e0 gogo.. avec lui, l\u2019ennui n\u2019a aucune chance. Il est en train de nous pr\u00e9parer un photobooth&#8230;d&rsquo;anthologie!<\/p>\t\t\t\t\t\t\t\t<\/div>\n\t\t\t\t<\/div>\n\t\t\t\t<\/div>\n\t\t\t\t\t<\/div>\n\t\t\t\t<\/div>\n\t\t\t\t<\/div>\n\t\t\t\t<\/div>\n\t\t\t\t<\/div>\n\t\t<div class=\"elementor-element elementor-element-7d098aa0 elementor-hidden-desktop elementor-hidden-tablet e-flex e-con-boxed e-con e-parent\" data-id=\"7d098aa0\" data-element_type=\"container\" data-settings=\"{&quot;background_background&quot;:&quot;classic&quot;}\">\n\t\t\t\t\t<div class=\"e-con-inner\">\n\t\t\t\t<div class=\"elementor-element elementor-element-2cad8f2 elementor-invisible elementor-widget elementor-widget-text-editor\" data-id=\"2cad8f2\" data-element_type=\"widget\" data-settings=\"{&quot;_animation&quot;:&quot;fadeIn&quot;}\" data-widget_type=\"text-editor.default\">\n\t\t\t\t<div class=\"elementor-widget-container\">\n\t\t\t\t\t\t\t\t\t<p>Ils ont accept\u00e9 de partager cette aventure \u00e0 nos c\u00f4t\u00e9s. <br \/>Ils sont nos complices et les piliers de ce grand jour \u00e0 venir !<\/p><p>Si vous avez des id\u00e9es, des surprises ou tout autre projet pour le mariage,<br \/><strong>n\u2019h\u00e9sitez pas \u00e0 les contacter sur l&rsquo;adresse mail suivante :\u00a0<br \/><\/strong><a href=\"mailto:caroline@ouii.fr\"><i>temoins@gmail.com<\/i><\/a><\/p>\t\t\t\t\t\t\t\t<\/div>\n\t\t\t\t<\/div>\n\t\t\t\t<div class=\"elementor-element elementor-element-fded5c5 elementor-invisible elementor-widget elementor-widget-text-editor\" data-id=\"fded5c5\" data-element_type=\"widget\" data-settings=\"{&quot;_animation&quot;:&quot;fadeIn&quot;}\" data-widget_type=\"text-editor.default\">\n\t\t\t\t<div class=\"elementor-widget-container\">\n\t\t\t\t\t\t\t\t\t<p>ou en rejoignant<br \/>le <strong>groupe Whatsapp secret<\/strong> \u00a0<br \/>(cliquer sur la vignette ci-dessous)<\/p>\t\t\t\t\t\t\t\t<\/div>\n\t\t\t\t<\/div>\n\t\t\t\t<div class=\"elementor-element elementor-element-cb9a3b6 elementor-view-default elementor-position-top elementor-mobile-position-top elementor-invisible elementor-widget elementor-widget-icon-box\" data-id=\"cb9a3b6\" data-element_type=\"widget\" data-settings=\"{&quot;_animation&quot;:&quot;fadeIn&quot;}\" data-widget_type=\"icon-box.default\">\n\t\t\t\t<div class=\"elementor-widget-container\">\n\t\t\t\t\t\t\t<div class=\"elementor-icon-box-wrapper\">\n\n\t\t\t\t\t\t<div class=\"elementor-icon-box-icon\">\n\t\t\t\t<a href=\"https:\/\/chat.whatsapp.com\/GjjrxgwGfoH0H92XZGzXef\" target=\"_blank\" class=\"elementor-icon elementor-animation-grow-rotate\" tabindex=\"-1\">\n\t\t\t\t<svg aria-hidden=\"true\" class=\"e-font-icon-svg e-fab-whatsapp\" viewBox=\"0 0 448 512\" xmlns=\"http:\/\/www.w3.org\/2000\/svg\"><path d=\"M380.9 97.1C339 55.1 283.2 32 223.9 32c-122.4 0-222 99.6-222 222 0 39.1 10.2 77.3 29.6 111L0 480l117.7-30.9c32.4 17.7 68.9 27 106.1 27h.1c122.3 0 224.1-99.6 224.1-222 0-59.3-25.2-115-67.1-157zm-157 341.6c-33.2 0-65.7-8.9-94-25.7l-6.7-4-69.8 18.3L72 359.2l-4.4-7c-18.5-29.4-28.2-63.3-28.2-98.2 0-101.7 82.8-184.5 184.6-184.5 49.3 0 95.6 19.2 130.4 54.1 34.8 34.9 56.2 81.2 56.1 130.5 0 101.8-84.9 184.6-186.6 184.6zm101.2-138.2c-5.5-2.8-32.8-16.2-37.9-18-5.1-1.9-8.8-2.8-12.5 2.8-3.7 5.6-14.3 18-17.6 21.8-3.2 3.7-6.5 4.2-12 1.4-32.6-16.3-54-29.1-75.5-66-5.7-9.8 5.7-9.1 16.3-30.3 1.8-3.7.9-6.9-.5-9.7-1.4-2.8-12.5-30.1-17.1-41.2-4.5-10.8-9.1-9.3-12.5-9.5-3.2-.2-6.9-.2-10.6-.2-3.7 0-9.7 1.4-14.8 6.9-5.1 5.6-19.4 19-19.4 46.3 0 27.3 19.9 53.7 22.6 57.4 2.8 3.7 39.1 59.7 94.8 83.8 35.2 15.2 49 16.5 66.6 13.9 10.7-1.6 32.8-13.4 37.4-26.4 4.6-13 4.6-24.1 3.2-26.4-1.3-2.5-5-3.9-10.5-6.6z\"><\/path><\/svg>\t\t\t\t<\/a>\n\t\t\t<\/div>\n\t\t\t\n\t\t\t\n\t\t<\/div>\n\t\t\t\t\t\t<\/div>\n\t\t\t\t<\/div>\n\t\t<div class=\"elementor-element elementor-element-1ffda02 e-con-full e-flex e-con e-child\" data-id=\"1ffda02\" data-element_type=\"container\">\n\t\t<div class=\"elementor-element elementor-element-7da3db8e e-con-full e-flex e-con e-child\" data-id=\"7da3db8e\" data-element_type=\"container\">\n\t\t\t\t<div class=\"elementor-element elementor-element-5368c4aa animated-fast elementor-invisible elementor-widget elementor-widget-image\" data-id=\"5368c4aa\" data-element_type=\"widget\" data-settings=\"{&quot;_animation&quot;:&quot;fadeInUp&quot;}\" data-widget_type=\"image.default\">\n\t\t\t\t<div class=\"elementor-widget-container\">\n\t\t\t\t\t\t\t\t\t\t\t\t\t\t\t<img fetchpriority=\"high\" decoding=\"async\" width=\"496\" height=\"551\" src=\"https:\/\/solene-charly.ouii.fr\/wp-content\/uploads\/2025\/03\/magalie.png\" class=\"attachment-large size-large wp-image-2655\" alt=\"\" srcset=\"https:\/\/solene-charly.ouii.fr\/wp-content\/uploads\/2025\/03\/magalie.png 496w, https:\/\/solene-charly.ouii.fr\/wp-content\/uploads\/2025\/03\/magalie-270x300.png 270w\" sizes=\"(max-width: 496px) 100vw, 496px\" \/>\t\t\t\t\t\t\t\t\t\t\t\t\t\t\t<\/div>\n\t\t\t\t<\/div>\n\t\t\t\t<div class=\"elementor-element elementor-element-3e8c400b elementor-widget elementor-widget-heading\" data-id=\"3e8c400b\" data-element_type=\"widget\" data-widget_type=\"heading.default\">\n\t\t\t\t<div class=\"elementor-widget-container\">\n\t\t\t\t\t<h2 class=\"elementor-heading-title elementor-size-default\">Magalie<\/h2>\t\t\t\t<\/div>\n\t\t\t\t<\/div>\n\t\t\t\t<div class=\"elementor-element elementor-element-2552c1f elementor-widget elementor-widget-text-editor\" data-id=\"2552c1f\" data-element_type=\"widget\" data-widget_type=\"text-editor.default\">\n\t\t\t\t<div class=\"elementor-widget-container\">\n\t\t\t\t\t\t\t\t\t<p>C\u2019est \u00e0 Magalie qu\u2019on confie nos petits stress et nos grandes id\u00e9es. Elle est toujours l\u00e0 pour \u00e9couter, rassurer, nous accueillir avec son grand sourire et un petit caf\u00e9 et parfois nous rappeler de respirer !<\/p>\t\t\t\t\t\t\t\t<\/div>\n\t\t\t\t<\/div>\n\t\t\t\t<\/div>\n\t\t<div class=\"elementor-element elementor-element-29c69879 e-con-full e-flex e-con e-child\" data-id=\"29c69879\" data-element_type=\"container\">\n\t\t\t\t<div class=\"elementor-element elementor-element-6ce5d930 animated-fast elementor-invisible elementor-widget elementor-widget-image\" data-id=\"6ce5d930\" data-element_type=\"widget\" data-settings=\"{&quot;_animation&quot;:&quot;fadeInUp&quot;}\" data-widget_type=\"image.default\">\n\t\t\t\t<div class=\"elementor-widget-container\">\n\t\t\t\t\t\t\t\t\t\t\t\t\t\t\t<img decoding=\"async\" width=\"551\" height=\"551\" src=\"https:\/\/solene-charly.ouii.fr\/wp-content\/uploads\/2025\/03\/Willy.png\" class=\"attachment-large size-large wp-image-2656\" alt=\"\" srcset=\"https:\/\/solene-charly.ouii.fr\/wp-content\/uploads\/2025\/03\/Willy.png 551w, https:\/\/solene-charly.ouii.fr\/wp-content\/uploads\/2025\/03\/Willy-300x300.png 300w, https:\/\/solene-charly.ouii.fr\/wp-content\/uploads\/2025\/03\/Willy-150x150.png 150w\" sizes=\"(max-width: 551px) 100vw, 551px\" \/>\t\t\t\t\t\t\t\t\t\t\t\t\t\t\t<\/div>\n\t\t\t\t<\/div>\n\t\t\t\t<div class=\"elementor-element elementor-element-7ca178c1 elementor-widget elementor-widget-heading\" data-id=\"7ca178c1\" data-element_type=\"widget\" data-widget_type=\"heading.default\">\n\t\t\t\t<div class=\"elementor-widget-container\">\n\t\t\t\t\t<h2 class=\"elementor-heading-title elementor-size-default\">Willy<\/h2>\t\t\t\t<\/div>\n\t\t\t\t<\/div>\n\t\t\t\t<div class=\"elementor-element elementor-element-4b118b8f elementor-widget elementor-widget-text-editor\" data-id=\"4b118b8f\" data-element_type=\"widget\" data-widget_type=\"text-editor.default\">\n\t\t\t\t<div class=\"elementor-widget-container\">\n\t\t\t\t\t\t\t\t\t<p>oujours pr\u00eat \u00e0 l\u2019action, Will est notre ma\u00eetre d\u2019organisation. Il est le premier \u00e0 nous proposer un plan A, et quand A ne marche pas , il a toujours\u00a0 un plan B (ou C) dans sa poche !<\/p>\t\t\t\t\t\t\t\t<\/div>\n\t\t\t\t<\/div>\n\t\t\t\t<\/div>\n\t\t<div class=\"elementor-element elementor-element-6a08ad43 e-con-full e-flex e-con e-child\" data-id=\"6a08ad43\" data-element_type=\"container\">\n\t\t\t\t<div class=\"elementor-element elementor-element-3e8bc338 animated-fast elementor-invisible elementor-widget elementor-widget-image\" data-id=\"3e8bc338\" data-element_type=\"widget\" data-settings=\"{&quot;_animation&quot;:&quot;fadeInUp&quot;}\" data-widget_type=\"image.default\">\n\t\t\t\t<div class=\"elementor-widget-container\">\n\t\t\t\t\t\t\t\t\t\t\t\t\t\t\t<img decoding=\"async\" width=\"601\" height=\"643\" src=\"https:\/\/solene-charly.ouii.fr\/wp-content\/uploads\/2025\/03\/Charlotte.png\" class=\"attachment-large size-large wp-image-2654\" alt=\"\" srcset=\"https:\/\/solene-charly.ouii.fr\/wp-content\/uploads\/2025\/03\/Charlotte.png 601w, https:\/\/solene-charly.ouii.fr\/wp-content\/uploads\/2025\/03\/Charlotte-280x300.png 280w\" sizes=\"(max-width: 601px) 100vw, 601px\" \/>\t\t\t\t\t\t\t\t\t\t\t\t\t\t\t<\/div>\n\t\t\t\t<\/div>\n\t\t\t\t<div class=\"elementor-element elementor-element-2c66ffa4 elementor-widget elementor-widget-heading\" data-id=\"2c66ffa4\" data-element_type=\"widget\" data-widget_type=\"heading.default\">\n\t\t\t\t<div class=\"elementor-widget-container\">\n\t\t\t\t\t<h2 class=\"elementor-heading-title elementor-size-default\">Lucie<\/h2>\t\t\t\t<\/div>\n\t\t\t\t<\/div>\n\t\t\t\t<div class=\"elementor-element elementor-element-22ca7f17 elementor-widget elementor-widget-text-editor\" data-id=\"22ca7f17\" data-element_type=\"widget\" data-widget_type=\"text-editor.default\">\n\t\t\t\t<div class=\"elementor-widget-container\">\n\t\t\t\t\t\t\t\t\t<p>Epicurienne dans l\u2019\u00e2me et artiste \u00e0 ses heures perdues, on lui confie la cr\u00e9ation de vos petits cadeaux du jour J..mais chuuuut! c\u2019est un secret !\u00a0<\/p>\t\t\t\t\t\t\t\t<\/div>\n\t\t\t\t<\/div>\n\t\t\t\t<\/div>\n\t\t<div class=\"elementor-element elementor-element-2d1bd210 e-con-full e-flex e-con e-child\" data-id=\"2d1bd210\" data-element_type=\"container\">\n\t\t\t\t<div class=\"elementor-element elementor-element-548c4e2 animated-fast elementor-invisible elementor-widget elementor-widget-image\" data-id=\"548c4e2\" data-element_type=\"widget\" data-settings=\"{&quot;_animation&quot;:&quot;fadeInUp&quot;}\" data-widget_type=\"image.default\">\n\t\t\t\t<div class=\"elementor-widget-container\">\n\t\t\t\t\t\t\t\t\t\t\t\t\t\t\t<img loading=\"lazy\" decoding=\"async\" width=\"573\" height=\"551\" src=\"https:\/\/solene-charly.ouii.fr\/wp-content\/uploads\/2025\/03\/arthur.png\" class=\"attachment-large size-large wp-image-2653\" alt=\"\" srcset=\"https:\/\/solene-charly.ouii.fr\/wp-content\/uploads\/2025\/03\/arthur.png 573w, https:\/\/solene-charly.ouii.fr\/wp-content\/uploads\/2025\/03\/arthur-300x288.png 300w\" sizes=\"(max-width: 573px) 100vw, 573px\" \/>\t\t\t\t\t\t\t\t\t\t\t\t\t\t\t<\/div>\n\t\t\t\t<\/div>\n\t\t\t\t<div class=\"elementor-element elementor-element-7f67a106 elementor-widget elementor-widget-heading\" data-id=\"7f67a106\" data-element_type=\"widget\" data-widget_type=\"heading.default\">\n\t\t\t\t<div class=\"elementor-widget-container\">\n\t\t\t\t\t<h2 class=\"elementor-heading-title elementor-size-default\">Emeric<\/h2>\t\t\t\t<\/div>\n\t\t\t\t<\/div>\n\t\t\t\t<div class=\"elementor-element elementor-element-1c0dca6f elementor-widget elementor-widget-text-editor\" data-id=\"1c0dca6f\" data-element_type=\"widget\" data-widget_type=\"text-editor.default\">\n\t\t\t\t<div class=\"elementor-widget-container\">\n\t\t\t\t\t\t\t\t\t<p>Il sera sans aucun doute l\u2019ambianceur officiel<br \/>de la soir\u00e9e ! Anecdotes improbables, blagues \u00e0 gogo.. avec lui, l\u2019ennui n\u2019a aucune chance. Il est en train de nous pr\u00e9parer un photobooth\u2026d\u2019anthologie!<\/p>\t\t\t\t\t\t\t\t<\/div>\n\t\t\t\t<\/div>\n\t\t\t\t<\/div>\n\t\t\t\t<\/div>\n\t\t\t\t\t<\/div>\n\t\t\t\t<\/div>\n\t\t\t\t<\/div>\n\t\t","protected":false},"excerpt":{"rendered":"<p>Ils ont accept\u00e9 de partager cette aventure \u00e0 nos c\u00f4t\u00e9s. Ils sont nos complices et les piliers de ce grand jour \u00e0 venir ! Si vous avez des id\u00e9es, des surprises ou tout autre projet pour le mariage,n\u2019h\u00e9sitez pas \u00e0 les contacter sur l&rsquo;adresse mail suivante :\u00a0temoinssoleneetcharly@gmail.com ou en rejoignant le groupe Whatsapp secret \u00a0(cliquer&#8230;<\/p>\n","protected":false},"author":1,"featured_media":0,"parent":0,"menu_order":0,"comment_status":"closed","ping_status":"closed","template":"","meta":{"_kad_post_transparent":"","_kad_post_title":"hide","_kad_post_layout":"fullwidth","_kad_post_sidebar_id":"","_kad_post_content_style":"unboxed","_kad_post_vertical_padding":"hide","_kad_post_feature":"hide","_kad_post_feature_position":"","_kad_post_header":false,"_kad_post_footer":false,"footnotes":""},"class_list":["post-2625","page","type-page","status-publish","hentry"],"_links":{"self":[{"href":"https:\/\/solene-charly.ouii.fr\/index.php?rest_route=\/wp\/v2\/pages\/2625","targetHints":{"allow":["GET"]}}],"collection":[{"href":"https:\/\/solene-charly.ouii.fr\/index.php?rest_route=\/wp\/v2\/pages"}],"about":[{"href":"https:\/\/solene-charly.ouii.fr\/index.php?rest_route=\/wp\/v2\/types\/page"}],"author":[{"embeddable":true,"href":"https:\/\/solene-charly.ouii.fr\/index.php?rest_route=\/wp\/v2\/users\/1"}],"replies":[{"embeddable":true,"href":"https:\/\/solene-charly.ouii.fr\/index.php?rest_route=%2Fwp%2Fv2%2Fcomments&post=2625"}],"version-history":[{"count":91,"href":"https:\/\/solene-charly.ouii.fr\/index.php?rest_route=\/wp\/v2\/pages\/2625\/revisions"}],"predecessor-version":[{"id":2917,"href":"https:\/\/solene-charly.ouii.fr\/index.php?rest_route=\/wp\/v2\/pages\/2625\/revisions\/2917"}],"wp:attachment":[{"href":"https:\/\/solene-charly.ouii.fr\/index.php?rest_route=%2Fwp%2Fv2%2Fmedia&parent=2625"}],"curies":[{"name":"wp","href":"https:\/\/api.w.org\/{rel}","templated":true}]}}